{"id":1897,"date":"2025-09-11T13:52:05","date_gmt":"2025-09-11T11:52:05","guid":{"rendered":"https:\/\/www.lamphy.ville-yutz.fr\/?page_id=1897"},"modified":"2025-09-12T09:34:53","modified_gmt":"2025-09-12T07:34:53","slug":"inscription-jeu-de-piste","status":"publish","type":"page","link":"https:\/\/www.lamphy.ville-yutz.fr\/index.php\/inscription-jeu-de-piste\/","title":{"rendered":"Inscription jeu de piste"},"content":{"rendered":"<div data-colibri-id=\"1897-c1\" class=\"style-567 style-local-1897-c1 position-relative\">\n  <!---->\n  <div data-colibri-component=\"section\" data-colibri-id=\"1897-c2\" id=\"custom\" class=\"h-section h-section-global-spacing d-flex align-items-lg-center align-items-md-center align-items-center style-568 style-local-1897-c2 position-relative\">\n    <!---->\n    <!---->\n    <div class=\"h-section-grid-container h-section-boxed-container\">\n      <!---->\n      <div data-colibri-id=\"1897-c3\" class=\"h-row-container gutters-row-lg-2 gutters-row-md-2 gutters-row-0 gutters-row-v-lg-2 gutters-row-v-md-2 gutters-row-v-2 style-569 style-local-1897-c3 position-relative\">\n        <!---->\n        <div class=\"h-row justify-content-lg-center justify-content-md-center justify-content-center align-items-lg-stretch align-items-md-stretch align-items-stretch gutters-col-lg-2 gutters-col-md-2 gutters-col-0 gutters-col-v-lg-2 gutters-col-v-md-2 gutters-col-v-2\">\n          <!---->\n          <div class=\"h-column h-column-container d-flex h-col-lg-auto h-col-md-auto h-col-auto style-570-outer style-local-1897-c4-outer\">\n            <div data-colibri-id=\"1897-c4\" class=\"d-flex h-flex-basis h-column__inner h-px-lg-2 h-px-md-2 h-px-2 v-inner-lg-2 v-inner-md-2 v-inner-2 style-570 style-local-1897-c4 position-relative\">\n              <!---->\n              <!---->\n              <div class=\"w-100 h-y-container h-column__content h-column__v-align flex-basis-100 align-self-lg-start align-self-md-start align-self-start\">\n                <!---->\n                <div data-colibri-id=\"1897-c6\" class=\"h-text h-text-component style-575 style-local-1897-c6 position-relative h-element\">\n                  <!---->\n                  <!---->\n                  <div class=\"\">\n                    <p>Visites \u00ab jeu de piste \u00bb ouvertes \u00e0 8 personnes sur chacun des cr\u00e9neaux propos\u00e9s.<\/p>\n                  <\/div>\n                <\/div>\n                <div data-colibri-id=\"1897-c5\" class=\"style-571 style-local-1897-c5 position-relative h-element\">\n                  <!---->\n                  <div class=\"\"><div class=\"forminator-ui forminator-custom-form forminator-custom-form-1887 forminator-design--default  forminator_ajax\" data-forminator-render=\"0\" data-form=\"forminator-module-1887\" data-uid=\"69f40d7650b22\"><br\/><\/div><form\n\t\t\t\tid=\"forminator-module-1887\"\n\t\t\t\tclass=\"forminator-ui forminator-custom-form forminator-custom-form-1887 forminator-design--default  forminator_ajax\"\n\t\t\t\tmethod=\"post\"\n\t\t\t\tdata-forminator-render=\"0\"\n\t\t\t\tdata-form-id=\"1887\"\n\t\t\t\t\n\t\t\t\tdata-design=\"default\"\n\t\t\t\t\n\t\t\t\t\n\t\t\t\t\n\t\t\t\tdata-grid=\"open\"\n\t\t\t\t\n\t\t\t\t\n\t\t\t\tstyle=\"display: none;\"\n\t\t\t\t\n\t\t\t\tdata-uid=\"69f40d7650b22\"\n\t\t\t><div role=\"alert\" aria-live=\"polite\" class=\"forminator-response-message forminator-error\" aria-hidden=\"true\"><\/div><div class=\"forminator-row\"><div id=\"name-1\" class=\"forminator-field-name forminator-col forminator-col-12 \"><div class=\"forminator-row forminator-no-margin\" data-multiple=\"true\"><div class=\"forminator-col forminator-col-md-6\"><div class=\"forminator-field\"><label for=\"forminator-field-first-name-1_69f40d7650b22\" id=\"forminator-field-first-name-1_69f40d7650b22-label\" class=\"forminator-label\">Pr\u00e9nom <span class=\"forminator-required\">*<\/span><\/label><input type=\"text\" name=\"name-1-first-name\" placeholder=\"\" id=\"forminator-field-first-name-1_69f40d7650b22\" class=\"forminator-input\" aria-required=\"true\" data-multi=\"1\" value=\"\" \/><\/div><\/div><div class=\"forminator-col forminator-col-md-6\"><div class=\"forminator-field\"><label for=\"forminator-field-last-name-1_69f40d7650b22\" id=\"forminator-field-last-name-1_69f40d7650b22-label\" class=\"forminator-label\">Nom de famille<\/label><input type=\"text\" name=\"name-1-last-name\" placeholder=\"\" id=\"forminator-field-last-name-1_69f40d7650b22\" class=\"forminator-input\" aria-required=\"false\" data-multi=\"1\" value=\"\" \/><\/div><\/div><\/div><\/div><\/div><div class=\"forminator-row\"><div id=\"date-1\" class=\"forminator-field-date forminator-col forminator-col-12 \"><div class=\"forminator-field\"><label for=\"forminator-field-date-1-picker_69f40d7650b22\" id=\"forminator-field-date-1-picker_69f40d7650b22-label\" class=\"forminator-label\">Date de naissance <span class=\"forminator-required\">*<\/span><\/label><div class=\"forminator-input-with-icon\"><span class=\"forminator-icon-calendar\" aria-hidden=\"true\"><\/span><input autocomplete=\"off\" type=\"text\" size=\"1\" name=\"date-1\" value=\"\" placeholder=\"Choisissez une date\" id=\"forminator-field-date-1-picker_69f40d7650b22\" class=\"forminator-input forminator-datepicker\" data-required=\"1\" data-format=\"mm\/dd\/yy\" data-restrict-type=\"\" data-restrict=\"\" data-start-year=\"1926\" data-end-year=\"2126\" data-past-dates=\"enable\" data-start-of-week=\"1\" data-start-date=\"\" data-end-date=\"\" data-start-field=\"\" data-end-field=\"\" data-start-offset=\"\" data-end-offset=\"\" data-disable-date=\"\" data-disable-range=\"\" \/><\/div><\/div><\/div><\/div><div class=\"forminator-row\"><div id=\"email-1\" class=\"forminator-field-email forminator-col forminator-col-12 \"><div class=\"forminator-field\"><label for=\"forminator-field-email-1_69f40d7650b22\" id=\"forminator-field-email-1_69f40d7650b22-label\" class=\"forminator-label\">Adresse de messagerie <span class=\"forminator-required\">*<\/span><\/label><input type=\"email\" name=\"email-1\" value=\"\" placeholder=\"\" id=\"forminator-field-email-1_69f40d7650b22\" class=\"forminator-input forminator-email--field\" data-required=\"true\" aria-required=\"true\" \/><\/div><\/div><\/div><div class=\"forminator-row\"><div id=\"phone-1\" class=\"forminator-field-phone forminator-col forminator-col-12 \"><div class=\"forminator-field\"><label for=\"forminator-field-phone-1_69f40d7650b22\" id=\"forminator-field-phone-1_69f40d7650b22-label\" class=\"forminator-label\">Num\u00e9ro de t\u00e9l\u00e9phone <span class=\"forminator-required\">*<\/span><\/label><input type=\"text\" name=\"phone-1\" value=\"\" placeholder=\"\" id=\"forminator-field-phone-1_69f40d7650b22\" class=\"forminator-input forminator-field--phone\" data-required=\"1\" aria-required=\"true\" autocomplete=\"off\" \/><\/div><\/div><\/div><div class=\"forminator-row\"><div id=\"select-2\" class=\"forminator-field-select forminator-col forminator-col-12 \"><div class=\"forminator-field\"><label for=\"forminator-form-1887__field--select-2_69f40d7650b22\" id=\"forminator-form-1887__field--select-2_69f40d7650b22-label\" class=\"forminator-label\">Choix des heures de r\u00e9servation<\/label><select  id=\"forminator-form-1887__field--select-2_69f40d7650b22\" class=\"forminator-select--field forminator-select2 forminator-select2-multiple\" data-required=\"\" name=\"select-2\" data-default-value=\"\" data-hidden-behavior=\"zero\" data-placeholder=\"\" data-search=\"false\" data-search-placeholder=\"\" data-checkbox=\"false\" data-allow-clear=\"false\" aria-labelledby=\"forminator-form-1887__field--select-2_69f40d7650b22-label\"><option value=\"De 11h \u00e0 12h\"  data-calculation=\"0\">De 11h \u00e0 12h<\/option><option value=\"De 14h15 \u00e0 15h15\"  data-calculation=\"0\">De 14h15 \u00e0 15h15<\/option><option value=\"De 16h15 \u00e0 17h15\"  data-calculation=\"0\">De 16h15 \u00e0 17h15<\/option><\/select><\/div><\/div><\/div><div class=\"forminator-row\"><div id=\"select-1\" class=\"forminator-field-select forminator-col forminator-col-12 \"><div class=\"forminator-field\"><label for=\"forminator-form-1887__field--select-1_69f40d7650b22\" id=\"forminator-form-1887__field--select-1_69f40d7650b22-label\" class=\"forminator-label\">Nombre d&#039;accompagnants<\/label><select  id=\"forminator-form-1887__field--select-1_69f40d7650b22\" class=\"forminator-select--field forminator-select2 forminator-select2-multiple\" data-required=\"\" name=\"select-1\" data-default-value=\"seul\" data-hidden-behavior=\"zero\" data-placeholder=\"Accompagn\u00e9 de\" data-search=\"false\" data-search-placeholder=\"Accompagn\u00e9 de\" data-checkbox=\"false\" data-allow-clear=\"false\" aria-labelledby=\"forminator-form-1887__field--select-1_69f40d7650b22-label\"><option value=\"\"  >Accompagn\u00e9 de<\/option><option value=\"seul\" selected=\"selected\" data-calculation=\"0\">seul<\/option><option value=\"1 personne\"  data-calculation=\"0\">1 personne<\/option><option value=\"2 personnes\"  data-calculation=\"0\">2 personnes<\/option><\/select><\/div><\/div><\/div><div class=\"forminator-row\"><div id=\"name-2\" class=\"forminator-field-name forminator-col forminator-col-12 \"><div class=\"forminator-row forminator-no-margin\" data-multiple=\"true\"><div class=\"forminator-col forminator-col-md-6\"><div class=\"forminator-field\"><label for=\"forminator-field-first-name-2_69f40d7650b22\" id=\"forminator-field-first-name-2_69f40d7650b22-label\" class=\"forminator-label\">Pr\u00e9nom<\/label><input type=\"text\" name=\"name-2-first-name\" placeholder=\"\" id=\"forminator-field-first-name-2_69f40d7650b22\" class=\"forminator-input\" aria-required=\"false\" data-multi=\"1\" value=\"\" \/><\/div><\/div><div class=\"forminator-col forminator-col-md-6\"><div class=\"forminator-field\"><label for=\"forminator-field-last-name-2_69f40d7650b22\" id=\"forminator-field-last-name-2_69f40d7650b22-label\" class=\"forminator-label\">Nom de famille<\/label><input type=\"text\" name=\"name-2-last-name\" placeholder=\"\" id=\"forminator-field-last-name-2_69f40d7650b22\" class=\"forminator-input\" aria-required=\"false\" data-multi=\"1\" value=\"\" \/><\/div><\/div><\/div><\/div><\/div><div class=\"forminator-row\"><div id=\"date-2\" class=\"forminator-field-date forminator-col forminator-col-12 \"><div class=\"forminator-field\"><label for=\"forminator-field-date-2-picker_69f40d7650b22\" id=\"forminator-field-date-2-picker_69f40d7650b22-label\" class=\"forminator-label\">Date de naissance<\/label><div class=\"forminator-input-with-icon\"><span class=\"forminator-icon-calendar\" aria-hidden=\"true\"><\/span><input autocomplete=\"off\" type=\"text\" size=\"1\" name=\"date-2\" value=\"\" placeholder=\"Choisissez une date\" id=\"forminator-field-date-2-picker_69f40d7650b22\" class=\"forminator-input forminator-datepicker\" data-required=\"\" data-format=\"mm\/dd\/yy\" data-restrict-type=\"\" data-restrict=\"\" data-start-year=\"1926\" data-end-year=\"2126\" data-past-dates=\"enable\" data-start-of-week=\"1\" data-start-date=\"\" data-end-date=\"\" data-start-field=\"\" data-end-field=\"\" data-start-offset=\"\" data-end-offset=\"\" data-disable-date=\"\" data-disable-range=\"\" \/><\/div><\/div><\/div><\/div><div class=\"forminator-row\"><div id=\"name-3\" class=\"forminator-field-name forminator-col forminator-col-12 \"><div class=\"forminator-row forminator-no-margin\" data-multiple=\"true\"><div class=\"forminator-col forminator-col-md-6\"><div class=\"forminator-field\"><label for=\"forminator-field-first-name-3_69f40d7650b22\" id=\"forminator-field-first-name-3_69f40d7650b22-label\" class=\"forminator-label\">Pr\u00e9nom<\/label><input type=\"text\" name=\"name-3-first-name\" placeholder=\"\" id=\"forminator-field-first-name-3_69f40d7650b22\" class=\"forminator-input\" aria-required=\"false\" data-multi=\"1\" value=\"\" \/><\/div><\/div><div class=\"forminator-col forminator-col-md-6\"><div class=\"forminator-field\"><label for=\"forminator-field-last-name-3_69f40d7650b22\" id=\"forminator-field-last-name-3_69f40d7650b22-label\" class=\"forminator-label\">Nom de famille<\/label><input type=\"text\" name=\"name-3-last-name\" placeholder=\"\" id=\"forminator-field-last-name-3_69f40d7650b22\" class=\"forminator-input\" aria-required=\"false\" data-multi=\"1\" value=\"\" \/><\/div><\/div><\/div><\/div><\/div><div class=\"forminator-row\"><div id=\"date-3\" class=\"forminator-field-date forminator-col forminator-col-12 \"><div class=\"forminator-field\"><label for=\"forminator-field-date-3-picker_69f40d7650b22\" id=\"forminator-field-date-3-picker_69f40d7650b22-label\" class=\"forminator-label\">Date de naissance<\/label><div class=\"forminator-input-with-icon\"><span class=\"forminator-icon-calendar\" aria-hidden=\"true\"><\/span><input autocomplete=\"off\" type=\"text\" size=\"1\" name=\"date-3\" value=\"\" placeholder=\"Choisissez une date\" id=\"forminator-field-date-3-picker_69f40d7650b22\" class=\"forminator-input forminator-datepicker\" data-required=\"\" data-format=\"mm\/dd\/yy\" data-restrict-type=\"\" data-restrict=\"\" data-start-year=\"1926\" data-end-year=\"2126\" data-past-dates=\"enable\" data-start-of-week=\"1\" data-start-date=\"\" data-end-date=\"\" data-start-field=\"\" data-end-field=\"\" data-start-offset=\"\" data-end-offset=\"\" data-disable-date=\"\" data-disable-range=\"\" \/><\/div><\/div><\/div><\/div><div class=\"forminator-row\"><div id=\"html-1\" class=\"forminator-field-html forminator-col forminator-col-12 \"><div class=\"forminator-field forminator-merge-tags\" data-field=\"html-1\"><label class=\"forminator-label\">HTML<\/label><p>Les donn\u00e9es sont utilis\u00e9es uniquement dans le cadre des JDP, \u00e0 des fins de r\u00e9servation\/disponibilit\u00e9.<\/p><\/div><\/div><\/div><input type=\"hidden\" name=\"referer_url\" value=\"\" \/><div class=\"forminator-row forminator-row-last\"><div class=\"forminator-col\"><div class=\"forminator-field\"><button class=\"forminator-button forminator-button-submit\">Envoyer<\/button><\/div><\/div><\/div><input type=\"hidden\" id=\"forminator_nonce\" name=\"forminator_nonce\" value=\"ec755fe90d\" \/><input type=\"hidden\" name=\"_wp_http_referer\" value=\"\/index.php\/wp-json\/wp\/v2\/pages\/1897\" \/><input type=\"hidden\" name=\"form_id\" value=\"1887\"><input type=\"hidden\" name=\"page_id\" value=\"1897\"><input type=\"hidden\" name=\"form_type\" value=\"default\"><input type=\"hidden\" name=\"current_url\" value=\"https:\/\/www.lamphy.ville-yutz.fr\/index.php\/inscription-jeu-de-piste\/\"><input type=\"hidden\" name=\"render_id\" value=\"0\"><input type=\"hidden\" name=\"action\" value=\"forminator_submit_form_custom-forms\"><\/form><\/div>\n                <\/div>\n              <\/div>\n            <\/div>\n          <\/div>\n        <\/div>\n      <\/div>\n    <\/div>\n  <\/div>\n<\/div>","protected":false},"excerpt":{"rendered":"<p>Visites \u00ab jeu de piste \u00bb ouvertes \u00e0 8 personnes sur chacun des cr\u00e9neaux propos\u00e9s.<\/p>\n","protected":false},"author":1,"featured_media":0,"parent":0,"menu_order":0,"comment_status":"closed","ping_status":"closed","template":"page-templates\/full-width-page.php","meta":{"footnotes":""},"class_list":["post-1897","page","type-page","status-publish","hentry"],"_links":{"self":[{"href":"https:\/\/www.lamphy.ville-yutz.fr\/index.php\/wp-json\/wp\/v2\/pages\/1897","targetHints":{"allow":["GET"]}}],"collection":[{"href":"https:\/\/www.lamphy.ville-yutz.fr\/index.php\/wp-json\/wp\/v2\/pages"}],"about":[{"href":"https:\/\/www.lamphy.ville-yutz.fr\/index.php\/wp-json\/wp\/v2\/types\/page"}],"author":[{"embeddable":true,"href":"https:\/\/www.lamphy.ville-yutz.fr\/index.php\/wp-json\/wp\/v2\/users\/1"}],"replies":[{"embeddable":true,"href":"https:\/\/www.lamphy.ville-yutz.fr\/index.php\/wp-json\/wp\/v2\/comments?post=1897"}],"version-history":[{"count":3,"href":"https:\/\/www.lamphy.ville-yutz.fr\/index.php\/wp-json\/wp\/v2\/pages\/1897\/revisions"}],"predecessor-version":[{"id":1916,"href":"https:\/\/www.lamphy.ville-yutz.fr\/index.php\/wp-json\/wp\/v2\/pages\/1897\/revisions\/1916"}],"wp:attachment":[{"href":"https:\/\/www.lamphy.ville-yutz.fr\/index.php\/wp-json\/wp\/v2\/media?parent=1897"}],"curies":[{"name":"wp","href":"https:\/\/api.w.org\/{rel}","templated":true}]}}