{"id":90,"date":"2019-04-05T10:56:34","date_gmt":"2019-04-05T10:56:34","guid":{"rendered":"https:\/\/colibriwp-work.colibriwp.com\/theater\/?page_id=90"},"modified":"2024-06-21T10:09:12","modified_gmt":"2024-06-21T08:09:12","slug":"presentation","status":"publish","type":"page","link":"https:\/\/www.lamphy.ville-yutz.fr\/index.php\/presentation\/","title":{"rendered":"pr\u00e9sentation"},"content":{"rendered":"<div data-colibri-id=\"90-c1\" class=\"style-292 style-local-90-c1 position-relative\">\n  <!---->\n  <div data-colibri-component=\"section\" data-colibri-id=\"90-c2\" id=\"custom\" class=\"h-section h-section-global-spacing d-flex align-items-lg-center align-items-md-center align-items-center style-303 style-local-90-c2 position-relative\">\n    <!---->\n    <!---->\n    <div class=\"h-section-grid-container h-section-boxed-container\">\n      <!---->\n      <div data-colibri-id=\"90-c3\" class=\"h-row-container gutters-row-lg-2 gutters-row-md-2 gutters-row-2 gutters-row-v-lg-2 gutters-row-v-md-2 gutters-row-v-2 style-304 style-local-90-c3 position-relative\">\n        <!---->\n        <div class=\"h-row justify-content-lg-center justify-content-md-center justify-content-center align-items-lg-stretch align-items-md-stretch align-items-stretch gutters-col-lg-2 gutters-col-md-2 gutters-col-2 gutters-col-v-lg-2 gutters-col-v-md-2 gutters-col-v-2\">\n          <!---->\n          <div class=\"h-column h-column-container d-flex h-col-lg-auto h-col-md-auto h-col-auto style-305-outer style-local-90-c4-outer\">\n            <div data-colibri-id=\"90-c4\" class=\"d-flex h-flex-basis h-column__inner h-px-lg-2 h-px-md-2 h-px-2 v-inner-lg-2 v-inner-md-2 v-inner-2 style-305 style-local-90-c4 position-relative\">\n              <!---->\n              <!---->\n              <div class=\"w-100 h-y-container h-column__content h-column__v-align flex-basis-100 align-self-lg-start align-self-md-start align-self-start\">\n                <!---->\n                <div data-colibri-id=\"90-c5\" class=\"h-global-transition-all h-heading style-311 style-local-90-c5 position-relative h-element\">\n                  <!---->\n                  <div class=\"h-heading__outer style-311 style-local-90-c5\">\n                    <!---->\n                    <!---->\n                    <h2 class=\"\">Bienvenue \u00e0 l&rsquo;amphY<\/h2>\n                  <\/div>\n                <\/div>\n                <div data-colibri-id=\"90-c7\" class=\"h-text h-text-component style-312 style-local-90-c7 position-relative h-element\">\n                  <!---->\n                  <!---->\n                  <div class=\"\">\n                    <h3>Espace culturel<\/h3>\n                    <p>L\u2019originalit\u00e9 de l\u2019amphY tient dans sa polyvalence. Le b\u00e2timent compte une salle multim\u00e9dia d\u2019une capacit\u00e9 d\u2019accueil de 699 personnes, un hall d\u2019entr\u00e9e, des loges, un espace cuisine conforme aux normes sanitaires. Si sa vocation premi\u00e8re\n                      est la programmation de spectacles (432 fauteuils cin\u00e9ma), la salle est \u00e9galement ouverte aux nombreuses animations festives et culturelles propos\u00e9es par les associations et les comit\u00e9s d\u2019entreprise. Chaque ann\u00e9e, des expositions\n                      (dans le hall), des conf\u00e9rences, des assembl\u00e9es g\u00e9n\u00e9rales, des bals, des repas et des th\u00e9s dansants (jusqu\u2019\u00e0 450 couverts) y sont organis\u00e9s.<\/p>\n                    <p>\n                      <br>\n                    <\/p>\n                    <h3>L\u2019accueil<\/h3>\n                    <p>On y acc\u00e8de par de larges portes vitr\u00e9es qui donnent sur un espace triangulaire et lumineux de 310 m\u00b2. l\u2019espace accueil permet d\u2019acc\u00e9der :<\/p>\n                    <ul>\n                      <li>aux sanitaires<\/li>\n                      <li>au local entretien<\/li>\n                      <li>aux vestiaires<\/li>\n                      <li>au bureau et la salle de r\u00e9union<\/li>\n                      <li>aux 2 loges<\/li>\n                      <li>au sas d\u2019entr\u00e9e sur la salle<\/li>\n                      <li>au guichet d\u2019accueil et au bar<\/li>\n                    <\/ul>\n                    <p>Le hall est aussi id\u00e9al pour organiser des expositions d\u2019art ou des vernissages de peintures, photos et sculptures. Il est possible d\u2019y faire un cocktail ou un pot d\u2019accueil. La communication entre le hall, le bar et les cuisines est\n                      directe et rapide afin de faciliter le service.<\/p>\n                    <p>\n                      <br>\n                    <\/p>\n                    <h3>La salle<\/h3>\n                    <p>Vaste et agr\u00e9able, la grande salle a b\u00e9n\u00e9fici\u00e9 d\u2019un traitement de correction acoustique et d\u2019un \u00e9quipement \u00e9lectro-acoustique de tout premier plan.<\/p>\n                    <p>Compos\u00e9e d\u2019un plateau sc\u00e9nique de 200 m\u00b2 et de gradins r\u00e9tractables (432 fauteuils cin\u00e9ma), elle permet d\u2019accueillir confortablement 699 personnes assises. Dot\u00e9e des derniers mat\u00e9riels de pointe (\u00e9clairage, sonorisation, mixage, informatique),\n                      elle promet des prestations de tr\u00e8s haute qualit\u00e9. La r\u00e9gie \u00ab son et lumi\u00e8re \u00bb est situ\u00e9e \u00e0 l\u2019\u00e9tage dans l\u2019axe de la sc\u00e8ne et une vitrine permet un regard sur la salle. Une r\u00e9gie temporaire pourra \u00eatre install\u00e9e pour les spectacles\n                      vivants dans un espace de 10 m\u00b2.<\/p>\n                    <p>Une petite r\u00e9gie \u00ab son \u00bb sera \u00e0 disposition (dans la salle en niche de sonorisation) des organisateurs de petites manifestations ou pour les utilisations ne n\u00e9cessitant pas la pr\u00e9sence du r\u00e9gisseur. En configuration restauration, elle\n                      peut accueillir de 250 \u00e0 450 couverts en conservant la possibilit\u00e9 d\u2019y installer une sc\u00e8ne d\u2019orchestre et une piste de danse de taille respectable. Un vaste jardin privatif est accessible directement de la salle par des grandes portes\n                      vitr\u00e9es. Sa polyvalence permet une multitude de configurations car sa double vocation \u00ab spectacle\/repas \u00bb lui conf\u00e8re des qualit\u00e9s d\u2019adaptation.<\/p>\n                    <p>\n                      <br>\n                    <\/p>\n                    <h3>La cuisine<\/h3>\n                    <p>L\u2019espace cuisine comprend principalement 3 zones qui respectent les circuits de propret\u00e9. Leurs \u00e9quipements sont conformes au r\u00e8glement sanitaire.<\/p>\n                    <p>La zone de pr\u00e9paration des repas et la cuisson.<\/p>\n                    <p>La cuisine est en relation directe avec la salle de restauration et le bar afin de faciliter le service et le passage des chariots.<\/p>\n                    <p>La zone de stockage et de conservation. Cet espace est constitu\u00e9 des r\u00e9serves et de la chambre froide. Un parking sp\u00e9cifique pour les livraisons de denr\u00e9es et les traiteurs est am\u00e9nag\u00e9 avec un acc\u00e8s direct sur les r\u00e9serves.<\/p>\n                    <p>La zone de nettoyage. Elle comprend la laverie et le local d\u00e9chets.<\/p>\n                  <\/div>\n                <\/div>\n              <\/div>\n            <\/div>\n          <\/div>\n        <\/div>\n      <\/div>\n    <\/div>\n  <\/div>\n<\/div>","protected":false},"excerpt":{"rendered":"<p>Bienvenue \u00e0 l&rsquo;amphY Espace culturel L\u2019originalit\u00e9 de l\u2019amphY tient dans sa polyvalence. Le b\u00e2timent compte une salle multim\u00e9dia d\u2019une capacit\u00e9 d\u2019accueil de 699 personnes, un hall d\u2019entr\u00e9e, des loges, un espace cuisine conforme aux normes sanitaires. Si sa vocation premi\u00e8re est la programmation de spectacles (432 fauteuils cin\u00e9ma), la salle est \u00e9galement ouverte aux nombreuses [&hellip;]<\/p>\n","protected":false},"author":1,"featured_media":0,"parent":0,"menu_order":0,"comment_status":"closed","ping_status":"closed","template":"page-templates\/full-width-page.php","meta":{"footnotes":""},"class_list":["post-90","page","type-page","status-publish","hentry"],"_links":{"self":[{"href":"https:\/\/www.lamphy.ville-yutz.fr\/index.php\/wp-json\/wp\/v2\/pages\/90","targetHints":{"allow":["GET"]}}],"collection":[{"href":"https:\/\/www.lamphy.ville-yutz.fr\/index.php\/wp-json\/wp\/v2\/pages"}],"about":[{"href":"https:\/\/www.lamphy.ville-yutz.fr\/index.php\/wp-json\/wp\/v2\/types\/page"}],"author":[{"embeddable":true,"href":"https:\/\/www.lamphy.ville-yutz.fr\/index.php\/wp-json\/wp\/v2\/users\/1"}],"replies":[{"embeddable":true,"href":"https:\/\/www.lamphy.ville-yutz.fr\/index.php\/wp-json\/wp\/v2\/comments?post=90"}],"version-history":[{"count":6,"href":"https:\/\/www.lamphy.ville-yutz.fr\/index.php\/wp-json\/wp\/v2\/pages\/90\/revisions"}],"predecessor-version":[{"id":1261,"href":"https:\/\/www.lamphy.ville-yutz.fr\/index.php\/wp-json\/wp\/v2\/pages\/90\/revisions\/1261"}],"wp:attachment":[{"href":"https:\/\/www.lamphy.ville-yutz.fr\/index.php\/wp-json\/wp\/v2\/media?parent=90"}],"curies":[{"name":"wp","href":"https:\/\/api.w.org\/{rel}","templated":true}]}}